{"id":6352,"date":"2024-12-16T12:11:35","date_gmt":"2024-12-16T12:11:35","guid":{"rendered":"https:\/\/nic.mg\/?page_id=6352"},"modified":"2026-01-27T09:28:10","modified_gmt":"2026-01-27T09:28:10","slug":"devenir-registrar","status":"publish","type":"page","link":"https:\/\/nic.mg\/en\/devenir-registrar\/","title":{"rendered":"Become a registrar"},"content":{"rendered":"<div id=\"fws_69fb3588ec117\"  data-column-margin=\"default\" data-midnight=\"dark\"  class=\"wpb_row vc_row-fluid vc_row full-width-content vc_row-o-equal-height vc_row-flex vc_row-o-content-top\"  style=\"padding-top: 0px; padding-bottom: 0px; \"><div class=\"row-bg-wrap\" data-bg-animation=\"none\" data-bg-animation-delay=\"\" data-bg-overlay=\"true\"><div class=\"inner-wrap row-bg-layer using-image\" ><div class=\"row-bg viewport-desktop using-image\"  style=\"background-image: url(https:\/\/nic.mg\/wp-content\/uploads\/2013\/01\/v.jpg); background-position: left top; background-repeat: no-repeat; \"><\/div><\/div><div class=\"row-bg-overlay row-bg-layer\" style=\"background-color:#000000;  opacity: 0.5; \"><\/div><\/div><div class=\"row_col_wrap_12 col span_12 dark center\">\n\t<div style=\"\" class=\"vc_col-sm-12 wpb_column column_container vc_column_container col top_padding_desktop_17pct\" data-using-bg=\"true\" data-overlay-color=\"true\" data-bg-cover=\"true\" data-padding-pos=\"all\" data-has-bg-color=\"false\" data-bg-color=\"\" data-bg-opacity=\"1\" data-animation=\"\" data-delay=\"0\" >\n\t\t<div class=\"vc_column-inner\" ><div class=\"column-image-bg-wrap column-bg-layer viewport-desktop\" data-bg-pos=\"right bottom\" data-bg-animation=\"none\" data-bg-overlay=\"true\"><div class=\"inner-wrap\"><div class=\"column-image-bg\" style=\" background-image: url('https:\/\/nic.mg\/wp-content\/uploads\/2025\/01\/WhatsApp-Image-2024-12-28-at-18.04.36.jpeg'); \"><\/div><\/div><\/div><div class=\"column-bg-overlay-wrap column-bg-layer\" data-bg-animation=\"none\"><div class=\"column-bg-overlay\"><\/div><div class=\"column-overlay-layer\" style=\"background-color:#000000;  opacity: 0.5; \"><\/div><\/div>\n\t\t\t<div class=\"wpb_wrapper\">\n\t\t\t\t<div id=\"fws_69fb3588ec67b\" data-midnight=\"\" data-column-margin=\"default\" class=\"wpb_row vc_row-fluid vc_row inner_row\"  style=\"\"><div class=\"row-bg-wrap\"> <div class=\"row-bg\" ><\/div> <\/div><div class=\"row_col_wrap_12_inner col span_12  left\">\n\t<div style=\" color: #ffffff;\" class=\"vc_col-sm-12 wpb_column column_container vc_column_container col child_column centered-text has-animation force-tablet-text-align-left force-phone-text-align-left left_padding_phone_10pct top_padding_phone_10pct\" data-cfc=\"true\"  data-padding-pos=\"all\" data-has-bg-color=\"false\" data-bg-color=\"\" data-bg-opacity=\"1\" data-animation=\"fade-in-from-bottom\" data-delay=\"300\" >\n\t\t<div class=\"vc_column-inner\" >\n\t\t<div class=\"wpb_wrapper\">\n\t\t\t\n<div class=\"wpb_text_column wpb_content_element\" >\n\t<div class=\"wpb_wrapper\">\n\t\t<h3 style=\"font-weight: 800;\">Become an Accredited Registrar or Referred Reseller<\/h3>\n<p>&nbsp;<\/p>\n\t<\/div>\n<\/div>\n\n\n\n\n<div class=\"wpb_text_column wpb_content_element  vc_custom_1736842205817\" >\n\t<div class=\"wpb_wrapper\">\n\t\t<div style=\"font-weight: 600;\">Home - Become a registrar<\/div>\n\t<\/div>\n<\/div>\n\n\n\n\n\t\t<\/div> \n\t<\/div>\n\t<\/div> \n<\/div><\/div><div id=\"fws_69fb3588ec9af\" data-midnight=\"\" data-column-margin=\"default\" class=\"wpb_row vc_row-fluid vc_row inner_row  vc_custom_1736843799405\"  style=\"padding-top: 2%; padding-bottom: 2%; \"><div class=\"row-bg-wrap\"> <div class=\"row-bg\" ><\/div> <\/div><div class=\"row_col_wrap_12_inner col span_12  left\">\n\t<div style=\" color: #ffffff;\" class=\"vc_col-sm-12 wpb_column column_container vc_column_container col child_column centered-text padding-10-percent inherit_tablet inherit_phone\" data-cfc=\"true\"  data-padding-pos=\"left-right\" data-has-bg-color=\"false\" data-bg-color=\"\" data-bg-opacity=\"1\" data-animation=\"\" data-delay=\"0\" >\n\t\t<div class=\"vc_column-inner\" >\n\t\t<div class=\"wpb_wrapper\">\n\t\t\t\n<div class=\"wpb_text_column wpb_content_element  vc_custom_1736844036678\" >\n\t<div class=\"wpb_wrapper\">\n\t\t\t<\/div>\n<\/div>\n\n\n\n\n<div class=\"wpb_text_column wpb_content_element\" >\n\t<div class=\"wpb_wrapper\">\n\t\t<link rel=\"stylesheet\" href=\"https:\/\/nic.mg\/wp-content\/plugins\/domain-search-main\/css\/domain_search.css\"><div>\n  <form class=\"flex flex-column\" id=\"domain-search-form\" action=\"#\" data-trp-original-action=\"#\">\n    <div class=\"domain-search-container\">\n      <div class=\"input-container\" style=\"display: flex; flex-direction: row; gap: 5px; align-items: center;\">\n        <input\n          type=\"text\"\n          name=\"domain\"\n          id=\"domainInput\"\n          placeholder=\"Find a domain\"\n          required\n style=\"background-color: rgba(255, 255, 255, 0) !important;                 outline: none !important;                 color: rgba(0,0,0,0.8) !important;                 flex: 1;                 min-width: 0;\">\n                 \n        <select\n          name=\"tld\"\n          id=\"tld\"\n          required\n style=\"color: rgba(0,0,0,0.8) !important;                 border-radius: 5px;                 height: 40px;\">\n          <option value=\".mg\" selected>.mg<\/option>\n          <!-- Autres options si n\u00e9cessaires -->\n        <\/select>\n      <\/div>\n\n      <button type=\"submit\" style=\"background-color: white !important; color: #641919 !important; margin-top: 10px;\">\n        Search\n      <\/button>\n    <\/div>\n\n    <div id=\"results\" style=\"color: white; text-align: center; font-weight: bold !important;\"><\/div>\n  <input type=\"hidden\" name=\"trp-form-language\" value=\"en\"\/><\/form>\n<\/div>\n\n\n<script>\n  const lookupUrl = \"https:\/\/nic.mg\/wp-content\/plugins\/domain-search-main\/api\/lookup.php\";\n\n  document.addEventListener(\"DOMContentLoaded\", function () {\n    $(\"#domain-search-form\").submit(function (e) {\n      e.preventDefault();\n\n      let domain = document.getElementById('domainInput').value.trim();\n      const tld = document.getElementById('tld').value.trim();\n\n      if (!domain) {\n        $('#results').html(\"<p style='color:red;'>Veuillez saisir un nom de domaine.<\/p>\");\n        return;\n      }\n\n      \/\/ Supprimer le TLD du champ s\u2019il a \u00e9t\u00e9 inclus manuellement\n      if (domain.toLowerCase().endsWith(tld)) {\n        domain = domain.slice(0, -tld.length);\n      }\n\n      const fullDomain = domain + tld;\n\n      $('#results').html(\"Recherche en cours...\");\n\n      $.post(lookupUrl, { domain: fullDomain }, function (data) {\n        $('#results').html(data);\n      });\n    });\n  });\n<\/script>\n<script src=\"https:\/\/ajax.googleapis.com\/ajax\/libs\/jquery\/3.7.1\/jquery.min.js\"><\/script>\n\t<\/div>\n<\/div>\n\n\n\n\n\t\t<\/div> \n\t<\/div>\n\t<\/div> \n<\/div><\/div>\n\t\t\t<\/div> \n\t\t<\/div>\n\t<\/div> \n<\/div><\/div>\n\t\t<div id=\"fws_69fb3588ecd4d\"  data-column-margin=\"custom\" data-midnight=\"dark\" data-top-percent=\"3%\" data-bottom-percent=\"3%\"  class=\"wpb_row vc_row-fluid vc_row full-width-content vc_row-o-equal-height vc_row-flex vc_row-o-content-middle  right_padding_5pct left_padding_5pct column-margin-10vw\"  style=\"padding-top: calc(100vw * 0.03); padding-bottom: calc(100vw * 0.03); \"><div class=\"row-bg-wrap\" data-bg-animation=\"none\" data-bg-animation-delay=\"\" data-bg-overlay=\"false\"><div class=\"inner-wrap row-bg-layer\" ><div class=\"row-bg viewport-desktop using-bg-color\"  style=\"background-color: #ffffff; \"><\/div><\/div><\/div><div class=\"row_col_wrap_12 col span_12 dark left\">\n\t<div  class=\"vc_col-sm-6 wpb_column column_container vc_column_container col no-extra-padding inherit_tablet inherit_phone\"  data-padding-pos=\"all\" data-has-bg-color=\"false\" data-bg-color=\"\" data-bg-opacity=\"1\" data-animation=\"\" data-delay=\"0\" >\n\t\t<div class=\"vc_column-inner\" >\n\t\t\t<div class=\"wpb_wrapper\">\n\t\t\t\t<div class=\"img-with-aniamtion-wrap\" data-max-width=\"100%\" data-max-width-mobile=\"default\" data-border-radius=\"10px\" data-shadow=\"none\" data-animation=\"none\" >\n      <div class=\"inner\">\n        <div class=\"hover-wrap\"> \n          <div class=\"hover-wrap-inner\">\n            <img loading=\"lazy\" decoding=\"async\" class=\"img-with-animation skip-lazy\" data-delay=\"0\" height=\"1067\" width=\"1600\" data-animation=\"none\" src=\"https:\/\/nic.mg\/wp-content\/uploads\/2025\/01\/WhatsApp-Image-2024-12-28-at-08.05.17.jpeg\" alt=\"\" srcset=\"https:\/\/nic.mg\/wp-content\/uploads\/2025\/01\/WhatsApp-Image-2024-12-28-at-08.05.17.jpeg 1600w, https:\/\/nic.mg\/wp-content\/uploads\/2025\/01\/WhatsApp-Image-2024-12-28-at-08.05.17-300x200.jpeg 300w, https:\/\/nic.mg\/wp-content\/uploads\/2025\/01\/WhatsApp-Image-2024-12-28-at-08.05.17-1024x683.jpeg 1024w, https:\/\/nic.mg\/wp-content\/uploads\/2025\/01\/WhatsApp-Image-2024-12-28-at-08.05.17-768x512.jpeg 768w, https:\/\/nic.mg\/wp-content\/uploads\/2025\/01\/WhatsApp-Image-2024-12-28-at-08.05.17-1536x1024.jpeg 1536w, https:\/\/nic.mg\/wp-content\/uploads\/2025\/01\/WhatsApp-Image-2024-12-28-at-08.05.17-900x600.jpeg 900w\" sizes=\"auto, (max-width: 1600px) 100vw, 1600px\" \/>\n          <\/div>\n        <\/div>\n      <\/div>\n    <\/div>\n\t\t\t<\/div> \n\t\t<\/div>\n\t<\/div> \n\n\t<div  class=\"vc_col-sm-6 wpb_column column_container vc_column_container col top_padding_tablet_7pct top_padding_phone_10pct\"  data-padding-pos=\"all\" data-has-bg-color=\"false\" data-bg-color=\"\" data-bg-opacity=\"1\" data-animation=\"\" data-delay=\"0\" >\n\t\t<div class=\"vc_column-inner\" >\n\t\t\t<div class=\"wpb_wrapper\">\n\t\t\t\t<div id=\"fws_69fb3588ed31c\" data-midnight=\"\" data-column-margin=\"default\" class=\"wpb_row vc_row-fluid vc_row inner_row\"  style=\"\"><div class=\"row-bg-wrap\"> <div class=\"row-bg\" ><\/div> <\/div><div class=\"row_col_wrap_12_inner col span_12  left\">\n\t<div style=\" color: #ffffff;\" class=\"vc_col-sm-12 wpb_column column_container vc_column_container col child_column no-extra-padding inherit_tablet inherit_phone\" data-cfc=\"true\"  data-padding-pos=\"all\" data-has-bg-color=\"false\" data-bg-color=\"\" data-bg-opacity=\"1\" data-animation=\"\" data-delay=\"0\" >\n\t\t<div class=\"vc_column-inner\" >\n\t\t<div class=\"wpb_wrapper\">\n\t\t\t\n<div class=\"wpb_text_column wpb_content_element  vc_custom_1736087436094\" style=\" max-width: 200px; display: inline-block;\">\n\t<div class=\"wpb_wrapper\">\n\t\t<p><strong>A profession<\/strong><\/p>\n\t<\/div>\n<\/div>\n\n\n\n\n\t\t<\/div> \n\t<\/div>\n\t<\/div> \n<\/div><\/div><div id=\"fws_69fb3588ed4dc\" data-midnight=\"\" data-column-margin=\"default\" class=\"wpb_row vc_row-fluid vc_row inner_row\"  style=\"padding-top: 3%; \"><div class=\"row-bg-wrap\"> <div class=\"row-bg\" ><\/div> <\/div><div class=\"row_col_wrap_12_inner col span_12  left\">\n\t<div  class=\"vc_col-sm-12 wpb_column column_container vc_column_container col child_column no-extra-padding inherit_tablet inherit_phone\"   data-padding-pos=\"all\" data-has-bg-color=\"false\" data-bg-color=\"\" data-bg-opacity=\"1\" data-animation=\"\" data-delay=\"0\" >\n\t\t<div class=\"vc_column-inner\" >\n\t\t<div class=\"wpb_wrapper\">\n\t\t\t\n<div class=\"wpb_text_column wpb_content_element\" >\n\t<div class=\"wpb_wrapper\">\n\t\t<p style=\"text-align: justify;\">An accredited registrar\u2019s role is to distribute and manage .mg domain names. By becoming an accredited registrar, you gain access to our management system to offer domain registration and management services to your clients. Alternatively, you can opt for a partnership as a sponsored reseller by collaborating with one of the accredited national registrars.<\/p>\n\t<\/div>\n<\/div>\n\n\n\n\n\t\t<\/div> \n\t<\/div>\n\t<\/div> \n<\/div><\/div>\n\t\t\t<\/div> \n\t\t<\/div>\n\t<\/div> \n<\/div><\/div>\n\t\t<div id=\"fws_69fb3588ed706\"  data-column-margin=\"default\" data-midnight=\"dark\" data-top-percent=\"3%\" data-bottom-percent=\"3%\"  class=\"wpb_row vc_row-fluid vc_row full-width-content vc_row-o-equal-height vc_row-flex vc_row-o-content-top  right_padding_5pct left_padding_5pct\"  style=\"padding-top: calc(100vw * 0.03); padding-bottom: calc(100vw * 0.03); \"><div class=\"row-bg-wrap\" data-bg-animation=\"none\" data-bg-animation-delay=\"\" data-bg-overlay=\"false\"><div class=\"inner-wrap row-bg-layer\" ><div class=\"row-bg viewport-desktop\"  style=\"\"><\/div><\/div><\/div><div class=\"row_col_wrap_12 col span_12 dark left\">\n\t<div  class=\"vc_col-sm-12 wpb_column column_container vc_column_container col no-extra-padding inherit_tablet inherit_phone\"  data-padding-pos=\"all\" data-has-bg-color=\"false\" data-bg-color=\"\" data-bg-opacity=\"1\" data-animation=\"\" data-delay=\"0\" >\n\t\t<div class=\"vc_column-inner\" >\n\t\t\t<div class=\"wpb_wrapper\">\n\t\t\t\t<div id=\"fws_69fb3588ed839\" data-midnight=\"\" data-column-margin=\"80px\" class=\"wpb_row vc_row-fluid vc_row inner_row vc_row-o-equal-height vc_row-flex\"  style=\"\"><div class=\"row-bg-wrap\"> <div class=\"row-bg\" ><\/div> <\/div><div class=\"row_col_wrap_12_inner col span_12  left\">\n\t<div style=\"\" class=\"vc_col-sm-6 wpb_column column_container vc_column_container col child_column centered-text padding-3-percent inherit_tablet inherit_phone\"  data-using-bg=\"true\" data-shadow=\"small_depth\" data-border-radius=\"15px\" data-padding-pos=\"all\" data-has-bg-color=\"true\" data-bg-color=\"#ffffff\" data-bg-opacity=\"1\" data-animation=\"\" data-delay=\"0\" >\n\t\t<div class=\"vc_column-inner\" ><div class=\"column-bg-overlay-wrap column-bg-layer\" data-bg-animation=\"none\"><div class=\"column-bg-overlay\" style=\"opacity: 1; background-color: #ffffff;\"><\/div><\/div>\n\t\t<div class=\"wpb_wrapper\">\n\t\t\t<div class=\"nectar_icon_wrap\" data-style=\"soft-bg\" data-padding=\"20px\" data-color=\"accent-color\" style=\"\" >\n\t\t<div class=\"nectar_icon\" ><i style=\"font-size: 30px; line-height: 45px; height: 45px; width: 45px;\" class=\"fa fa-handshake-o\"><\/i><\/div>\n\t<\/div>\n<div class=\"wpb_text_column wpb_content_element\" >\n\t<div class=\"wpb_wrapper\">\n\t\t<h3><strong>Become a Registrar<\/strong><\/h3>\n\t<\/div>\n<\/div>\n\n\n\n\n<div class=\"wpb_text_column wpb_content_element\" >\n\t<div class=\"wpb_wrapper\">\n\t\t<div style=\"text-align: justify;\">\n<p>To understand in detail the conditions and obligations related to the registration and management of .mg domain names, we invite you to download the accreditation process document available here. This document provides the necessary information to guide you step by step in each stage of your process to become an accredited registrar.<\/p>\n<p>This will help you better understand the responsibilities you will have as a player in the .mg domain ecosystem while ensuring compliance with international standards. Download it now to begin your process with confidence and full compliance.<\/p>\n<\/div>\n\t<\/div>\n<\/div>\n\n\n\n<a class=\"nectar-button medium see-through-2  has-icon\"  role=\"button\" style=\"margin-top: 8px; \"  href=\"https:\/\/nic.mg\/wp-content\/uploads\/2026\/01\/Processus-daccreditation-I-accreditation-process.pdf\" data-color-override=\"false\" data-hover-color-override=\"false\" data-hover-text-color-override=\"#ffffff\"><span>Download<\/span><i  class=\"icon-button-arrow\"><\/i><\/a>\n\t\t<\/div> \n\t<\/div>\n\t<\/div> \n\n\t<div style=\"\" class=\"vc_col-sm-6 wpb_column column_container vc_column_container col child_column centered-text padding-3-percent inherit_tablet inherit_phone\"  data-using-bg=\"true\" data-shadow=\"small_depth\" data-border-radius=\"15px\" data-padding-pos=\"all\" data-has-bg-color=\"true\" data-bg-color=\"#ffffff\" data-bg-opacity=\"1\" data-animation=\"\" data-delay=\"0\" >\n\t\t<div class=\"vc_column-inner\" ><div class=\"column-bg-overlay-wrap column-bg-layer\" data-bg-animation=\"none\"><div class=\"column-bg-overlay\" style=\"opacity: 1; background-color: #ffffff;\"><\/div><\/div>\n\t\t<div class=\"wpb_wrapper\">\n\t\t\t<div class=\"nectar_icon_wrap\" data-style=\"soft-bg\" data-padding=\"20px\" data-color=\"accent-color\" style=\"\" >\n\t\t<div class=\"nectar_icon\" ><i style=\"font-size: 30px; line-height: 45px; height: 45px; width: 45px;\" class=\"fa fa-user-circle-o\"><\/i><\/div>\n\t<\/div>\n<div class=\"wpb_text_column wpb_content_element\" >\n\t<div class=\"wpb_wrapper\">\n\t\t<h3><strong>Become a reseller<\/strong><\/h3>\n\t<\/div>\n<\/div>\n\n\n\n\n<div class=\"wpb_text_column wpb_content_element  vc_custom_1736756374275\" >\n\t<div class=\"wpb_wrapper\">\n\t\t<div style=\"text-align: justify;\">\n<p>Would you like to offer .mg domain names but are not able to become an accredited registrar? Become a reseller by partnering with an accredited national registrar through a sponsorship system. This collaboration is exclusively between the reseller and the chosen registrar, with no direct involvement from NIC.MG. As a reseller, you must comply with the conditions set by the sponsoring registrar.<\/p>\n<p>Please note that you can only be a reseller for one registrar at a time. However, it is possible to change your sponsoring registrar, provided you comply with the terms of existing contracts. Please consult the list of accredited national registrars to find a partner and start the sponsorship process.\n<\/p><\/div>\n\t<\/div>\n<\/div>\n\n\n\n<a class=\"nectar-button medium see-through-2  has-icon\"  role=\"button\" style=\"margin-top: 8px; \"  href=\"\/en\/maintenance\/\" data-color-override=\"false\" data-hover-color-override=\"false\" data-hover-text-color-override=\"#ffffff\"><span>Contact an affiliate registrar<\/span><i  class=\"icon-button-arrow\"><\/i><\/a>\n\t\t<\/div> \n\t<\/div>\n\t<\/div> \n<\/div><\/div>\n\t\t\t<\/div> \n\t\t<\/div>\n\t<\/div> \n<\/div><\/div>","protected":false},"excerpt":{"rendered":"Devenez bureau d'enregistrement accr\u00e9dit\u00e9 ou revendeur parrain\u00e9 &nbsp; Accueil - Devenir bureau d'enregistrement Tout un...","protected":false},"author":1,"featured_media":0,"parent":0,"menu_order":0,"comment_status":"closed","ping_status":"closed","template":"","meta":{"footnotes":""},"class_list":["post-6352","page","type-page","status-publish"],"_links":{"self":[{"href":"https:\/\/nic.mg\/en\/wp-json\/wp\/v2\/pages\/6352","targetHints":{"allow":["GET"]}}],"collection":[{"href":"https:\/\/nic.mg\/en\/wp-json\/wp\/v2\/pages"}],"about":[{"href":"https:\/\/nic.mg\/en\/wp-json\/wp\/v2\/types\/page"}],"author":[{"embeddable":true,"href":"https:\/\/nic.mg\/en\/wp-json\/wp\/v2\/users\/1"}],"replies":[{"embeddable":true,"href":"https:\/\/nic.mg\/en\/wp-json\/wp\/v2\/comments?post=6352"}],"version-history":[{"count":34,"href":"https:\/\/nic.mg\/en\/wp-json\/wp\/v2\/pages\/6352\/revisions"}],"predecessor-version":[{"id":6913,"href":"https:\/\/nic.mg\/en\/wp-json\/wp\/v2\/pages\/6352\/revisions\/6913"}],"wp:attachment":[{"href":"https:\/\/nic.mg\/en\/wp-json\/wp\/v2\/media?parent=6352"}],"curies":[{"name":"wp","href":"https:\/\/api.w.org\/{rel}","templated":true}]}}